{"id":32,"date":"2020-04-13T11:18:50","date_gmt":"2020-04-13T11:18:50","guid":{"rendered":"http:\/\/www.chiaradavoli.it\/?page_id=32"},"modified":"2024-09-16T17:50:32","modified_gmt":"2024-09-16T15:50:32","slug":"services","status":"publish","type":"page","link":"https:\/\/www.chiaradavoli.it\/?page_id=32","title":{"rendered":"Di cosa mi occupo"},"content":{"rendered":"\t\t<div data-elementor-type=\"wp-page\" data-elementor-id=\"32\" class=\"elementor elementor-32\">\n\t\t\t\t\t\t<section class=\"elementor-section elementor-top-section elementor-element elementor-element-1b0a5d33 elementor-section-boxed elementor-section-height-default elementor-section-height-default\" data-id=\"1b0a5d33\" data-element_type=\"section\" data-settings=\"{&quot;background_background&quot;:&quot;classic&quot;}\">\n\t\t\t\t\t\t\t<div class=\"elementor-background-overlay\"><\/div>\n\t\t\t\t\t\t\t<div class=\"elementor-container elementor-column-gap-default\">\n\t\t\t\t\t<div class=\"elementor-column elementor-col-100 elementor-top-column elementor-element elementor-element-1f841ba\" data-id=\"1f841ba\" data-element_type=\"column\">\n\t\t\t<div class=\"elementor-widget-wrap elementor-element-populated\">\n\t\t\t\t\t\t<div class=\"elementor-element elementor-element-365ba0bd elementor-widget elementor-widget-heading\" data-id=\"365ba0bd\" data-element_type=\"widget\" data-widget_type=\"heading.default\">\n\t\t\t\t<div class=\"elementor-widget-container\">\n\t\t\t\t\t<h1 class=\"elementor-heading-title elementor-size-default\">Di cosa mi occupo<\/h1>\t\t\t\t<\/div>\n\t\t\t\t<\/div>\n\t\t\t\t\t<\/div>\n\t\t<\/div>\n\t\t\t\t\t<\/div>\n\t\t<\/section>\n\t\t\t\t<section class=\"elementor-section elementor-top-section elementor-element elementor-element-4d2c9e9 elementor-reverse-mobile elementor-section-boxed elementor-section-height-default elementor-section-height-default\" data-id=\"4d2c9e9\" data-element_type=\"section\">\n\t\t\t\t\t\t<div class=\"elementor-container elementor-column-gap-no\">\n\t\t\t\t\t<div class=\"elementor-column elementor-col-50 elementor-top-column elementor-element elementor-element-1148300\" data-id=\"1148300\" data-element_type=\"column\">\n\t\t\t<div class=\"elementor-widget-wrap elementor-element-populated\">\n\t\t\t\t\t\t<div class=\"elementor-element elementor-element-5070b618 elementor-widget elementor-widget-heading\" data-id=\"5070b618\" data-element_type=\"widget\" data-widget_type=\"heading.default\">\n\t\t\t\t<div class=\"elementor-widget-container\">\n\t\t\t\t\t<h2 class=\"elementor-heading-title elementor-size-default\">Consulenza e sostegno psicologico<\/h2>\t\t\t\t<\/div>\n\t\t\t\t<\/div>\n\t\t\t\t<div class=\"elementor-element elementor-element-62d352e2 elementor-widget elementor-widget-text-editor\" data-id=\"62d352e2\" data-element_type=\"widget\" data-widget_type=\"text-editor.default\">\n\t\t\t\t<div class=\"elementor-widget-container\">\n\t\t\t\t\t\t\t\t\t<p>La consulenza psicologica \u00e8 un percorso che consiste in pochi incontri, con l\u2019obiettivo di aiutare la persona a comprendere meglio e definire la problematica che sta vivendo in quel momento. Nell\u2019arco della nostra vita possiamo attraversare momenti di difficolt\u00e0 o confusione, sia nei passaggi evolutivi (infanzia, adolescenza, gravidanza, parto, menopausa, terza et\u00e0, pensionamento), sia a fronte di situazioni problematiche impreviste (malattie, separazioni e divorzi, lutti, perdita del lavoro ecc.). Riconoscere la natura del disagio potr\u00e0 permettere di individuare le forme di intervento pi\u00f9 adeguate.<\/p>\t\t\t\t\t\t\t\t<\/div>\n\t\t\t\t<\/div>\n\t\t\t\t\t<\/div>\n\t\t<\/div>\n\t\t\t\t<div class=\"elementor-column elementor-col-50 elementor-top-column elementor-element elementor-element-7285665\" data-id=\"7285665\" data-element_type=\"column\">\n\t\t\t<div class=\"elementor-widget-wrap elementor-element-populated\">\n\t\t\t\t\t\t<div class=\"elementor-element elementor-element-b8d4be9 elementor-widget elementor-widget-menu-anchor\" data-id=\"b8d4be9\" data-element_type=\"widget\" data-widget_type=\"menu-anchor.default\">\n\t\t\t\t<div class=\"elementor-widget-container\">\n\t\t\t\t\t\t\t<div class=\"elementor-menu-anchor\" id=\"consulenza\"><\/div>\n\t\t\t\t\t\t<\/div>\n\t\t\t\t<\/div>\n\t\t\t\t<div class=\"elementor-element elementor-element-508aa5f0 elementor-widget elementor-widget-image\" data-id=\"508aa5f0\" data-element_type=\"widget\" data-widget_type=\"image.default\">\n\t\t\t\t<div class=\"elementor-widget-container\">\n\t\t\t\t\t\t\t\t\t\t\t\t\t\t\t<img fetchpriority=\"high\" decoding=\"async\" width=\"768\" height=\"576\" src=\"https:\/\/www.chiaradavoli.it\/wp-content\/uploads\/2022\/01\/path-hiking-trail-18197-1-768x576.jpg\" class=\"attachment-medium_large size-medium_large wp-image-517\" alt=\"path, hiking, trail-18197.jpg\" srcset=\"https:\/\/www.chiaradavoli.it\/wp-content\/uploads\/2022\/01\/path-hiking-trail-18197-1-768x576.jpg 768w, https:\/\/www.chiaradavoli.it\/wp-content\/uploads\/2022\/01\/path-hiking-trail-18197-1-300x225.jpg 300w, https:\/\/www.chiaradavoli.it\/wp-content\/uploads\/2022\/01\/path-hiking-trail-18197-1-1024x768.jpg 1024w, https:\/\/www.chiaradavoli.it\/wp-content\/uploads\/2022\/01\/path-hiking-trail-18197-1.jpg 1280w\" sizes=\"(max-width: 768px) 100vw, 768px\" \/>\t\t\t\t\t\t\t\t\t\t\t\t\t\t\t<\/div>\n\t\t\t\t<\/div>\n\t\t\t\t\t<\/div>\n\t\t<\/div>\n\t\t\t\t\t<\/div>\n\t\t<\/section>\n\t\t\t\t<section class=\"elementor-section elementor-top-section elementor-element elementor-element-9e09982 elementor-section-boxed elementor-section-height-default elementor-section-height-default\" data-id=\"9e09982\" data-element_type=\"section\">\n\t\t\t\t\t\t<div class=\"elementor-container elementor-column-gap-no\">\n\t\t\t\t\t<div class=\"elementor-column elementor-col-50 elementor-top-column elementor-element elementor-element-4b9de95\" data-id=\"4b9de95\" data-element_type=\"column\">\n\t\t\t<div class=\"elementor-widget-wrap elementor-element-populated\">\n\t\t\t\t\t\t<div class=\"elementor-element elementor-element-1fab74e0 elementor-widget elementor-widget-image\" data-id=\"1fab74e0\" data-element_type=\"widget\" data-widget_type=\"image.default\">\n\t\t\t\t<div class=\"elementor-widget-container\">\n\t\t\t\t\t\t\t\t\t\t\t\t\t\t\t<img decoding=\"async\" width=\"1024\" height=\"682\" src=\"https:\/\/www.chiaradavoli.it\/wp-content\/uploads\/2022\/01\/man-door-cloud-4114654-1024x682.jpg\" class=\"attachment-large size-large wp-image-513\" alt=\"man, door, cloud-4114654.jpg\" srcset=\"https:\/\/www.chiaradavoli.it\/wp-content\/uploads\/2022\/01\/man-door-cloud-4114654-1024x682.jpg 1024w, https:\/\/www.chiaradavoli.it\/wp-content\/uploads\/2022\/01\/man-door-cloud-4114654-300x200.jpg 300w, https:\/\/www.chiaradavoli.it\/wp-content\/uploads\/2022\/01\/man-door-cloud-4114654-768x512.jpg 768w, https:\/\/www.chiaradavoli.it\/wp-content\/uploads\/2022\/01\/man-door-cloud-4114654.jpg 1280w\" sizes=\"(max-width: 1024px) 100vw, 1024px\" \/>\t\t\t\t\t\t\t\t\t\t\t\t\t\t\t<\/div>\n\t\t\t\t<\/div>\n\t\t\t\t\t<\/div>\n\t\t<\/div>\n\t\t\t\t<div class=\"elementor-column elementor-col-50 elementor-top-column elementor-element elementor-element-ddc17dc\" data-id=\"ddc17dc\" data-element_type=\"column\">\n\t\t\t<div class=\"elementor-widget-wrap elementor-element-populated\">\n\t\t\t\t\t\t<div class=\"elementor-element elementor-element-d8c8a33 elementor-widget elementor-widget-heading\" data-id=\"d8c8a33\" data-element_type=\"widget\" data-widget_type=\"heading.default\">\n\t\t\t\t<div class=\"elementor-widget-container\">\n\t\t\t\t\t<h2 class=\"elementor-heading-title elementor-size-default\">Psicoterapia adulti<\/h2>\t\t\t\t<\/div>\n\t\t\t\t<\/div>\n\t\t\t\t<div class=\"elementor-element elementor-element-3437ae6 elementor-widget elementor-widget-text-editor\" data-id=\"3437ae6\" data-element_type=\"widget\" data-widget_type=\"text-editor.default\">\n\t\t\t\t<div class=\"elementor-widget-container\">\n\t\t\t\t\t\t\t\t\t<p>La psicoterapia a orientamento psicoanalitico relazionale \u00e8 un percorso di conoscenza personale da intraprendere nel momento in cui si viva una sofferenza \u00a0psichica ed emotiva, che si pu\u00f2 manifestare in modi diversi: pensieri negativi, ansia, attacchi di panico, depressione, disturbi alimentari, disturbi del sonno, disturbi della sfera sessuale, fobie ecc.<\/p><p>Anche il presentarsi di situazioni esterne dolorose o difficili (malattie, separazioni e divorzi, lutti, perdita del lavoro ecc.) o difficolt\u00e0 nella gestione di passaggi evolutivi personali o familiari (gravidanza, parto, infanzia, adolescenza, menopausa, terza et\u00e0, pensionamento) pu\u00f2 rendere necessario il prendersi cura di se stessi e delle proprie relazioni in modo pi\u00f9 approfondito.<\/p><p>Grazie alla relazione che si crea tra paziente e terapeuta, basata su un ascolto rispettoso e non giudicante, si pu\u00f2 raggiungere una maggiore conoscenza di s\u00e9, delle motivazioni del proprio agire e del modo di relazionarsi con se stessi e gli altri. Questo pu\u00f2 permettere la riscoperta di capacit\u00e0 e risorse e il raggiungimento di un nuovo equilibrio.<\/p><p>Si intraprende un percorso di psicoterapia non soltanto per la risoluzione di situazioni gravi, ma anche per essere aiutati in momenti difficili della propria vita e per essere accompagnati nella crescita e nella ricerca di un maggiore benessere personale e relazionale.<\/p>\t\t\t\t\t\t\t\t<\/div>\n\t\t\t\t<\/div>\n\t\t\t\t\t<\/div>\n\t\t<\/div>\n\t\t\t\t\t<\/div>\n\t\t<\/section>\n\t\t\t\t<section class=\"elementor-section elementor-top-section elementor-element elementor-element-6027d0f elementor-reverse-mobile elementor-section-boxed elementor-section-height-default elementor-section-height-default\" data-id=\"6027d0f\" data-element_type=\"section\">\n\t\t\t\t\t\t<div class=\"elementor-container elementor-column-gap-no\">\n\t\t\t\t\t<div class=\"elementor-column elementor-col-50 elementor-top-column elementor-element elementor-element-355c572\" data-id=\"355c572\" data-element_type=\"column\">\n\t\t\t<div class=\"elementor-widget-wrap elementor-element-populated\">\n\t\t\t\t\t\t<div class=\"elementor-element elementor-element-8b4473b elementor-widget elementor-widget-heading\" data-id=\"8b4473b\" data-element_type=\"widget\" data-widget_type=\"heading.default\">\n\t\t\t\t<div class=\"elementor-widget-container\">\n\t\t\t\t\t<h2 class=\"elementor-heading-title elementor-size-default\">Psicoterapia adolescenti<\/h2>\t\t\t\t<\/div>\n\t\t\t\t<\/div>\n\t\t\t\t<div class=\"elementor-element elementor-element-8962406 elementor-widget elementor-widget-text-editor\" data-id=\"8962406\" data-element_type=\"widget\" data-widget_type=\"text-editor.default\">\n\t\t\t\t<div class=\"elementor-widget-container\">\n\t\t\t\t\t\t\t\t\t<p>L\u2019<strong>adolescenza<\/strong> rappresenta un&#8217;importante tappa attraverso la quale avvengono <strong>processi di trasformazione, apprendimento e conoscenza di s\u00e9 e della realt\u00e0<\/strong>. Anche i ragazzi possono attraversare momenti di disagio e difficolt\u00e0 nella loro crescita e per un genitore pu\u00f2 essere difficile comprenderne la natura e di conseguenza sentirsi disorientato e senza strumenti. \u00a0Grazie all\u2019incontro col terapeuta i genitori sono aiutati a riflettere su di s\u00e9 e sulla relazione con i propri figli e a recuperare le risorse che possono aiutare a svolgere in modo efficace e affettivo il proprio ruolo. Al tempo stesso i ragazzi usufruiscono di uno spazio di ascolto e di aiuto, per dare un nome e una ragione alla propria sofferenza<\/p>\t\t\t\t\t\t\t\t<\/div>\n\t\t\t\t<\/div>\n\t\t\t\t\t<\/div>\n\t\t<\/div>\n\t\t\t\t<div class=\"elementor-column elementor-col-50 elementor-top-column elementor-element elementor-element-623a32c\" data-id=\"623a32c\" data-element_type=\"column\">\n\t\t\t<div class=\"elementor-widget-wrap elementor-element-populated\">\n\t\t\t\t\t\t<div class=\"elementor-element elementor-element-628e670 elementor-widget elementor-widget-image\" data-id=\"628e670\" data-element_type=\"widget\" data-widget_type=\"image.default\">\n\t\t\t\t<div class=\"elementor-widget-container\">\n\t\t\t\t\t\t\t\t\t\t\t\t\t\t\t<img decoding=\"async\" width=\"1024\" height=\"682\" src=\"https:\/\/www.chiaradavoli.it\/wp-content\/uploads\/2022\/01\/soap-bubble-bubble-reflection-6626763-1-1024x682.jpg\" class=\"attachment-large size-large wp-image-516\" alt=\"soap bubble, bubble, reflection-6626763.jpg\" srcset=\"https:\/\/www.chiaradavoli.it\/wp-content\/uploads\/2022\/01\/soap-bubble-bubble-reflection-6626763-1-1024x682.jpg 1024w, https:\/\/www.chiaradavoli.it\/wp-content\/uploads\/2022\/01\/soap-bubble-bubble-reflection-6626763-1-300x200.jpg 300w, https:\/\/www.chiaradavoli.it\/wp-content\/uploads\/2022\/01\/soap-bubble-bubble-reflection-6626763-1-768x512.jpg 768w, https:\/\/www.chiaradavoli.it\/wp-content\/uploads\/2022\/01\/soap-bubble-bubble-reflection-6626763-1.jpg 1280w\" sizes=\"(max-width: 1024px) 100vw, 1024px\" \/>\t\t\t\t\t\t\t\t\t\t\t\t\t\t\t<\/div>\n\t\t\t\t<\/div>\n\t\t\t\t\t<\/div>\n\t\t<\/div>\n\t\t\t\t\t<\/div>\n\t\t<\/section>\n\t\t\t\t<section class=\"elementor-section elementor-top-section elementor-element elementor-element-67ed5da elementor-section-boxed elementor-section-height-default elementor-section-height-default\" data-id=\"67ed5da\" data-element_type=\"section\">\n\t\t\t\t\t\t<div class=\"elementor-container elementor-column-gap-no\">\n\t\t\t\t\t<div class=\"elementor-column elementor-col-50 elementor-top-column elementor-element elementor-element-5077914\" data-id=\"5077914\" data-element_type=\"column\">\n\t\t\t<div class=\"elementor-widget-wrap elementor-element-populated\">\n\t\t\t\t\t\t<div class=\"elementor-element elementor-element-734d659 elementor-widget elementor-widget-image\" data-id=\"734d659\" data-element_type=\"widget\" data-widget_type=\"image.default\">\n\t\t\t\t<div class=\"elementor-widget-container\">\n\t\t\t\t\t\t\t\t\t\t\t\t\t\t\t<img loading=\"lazy\" decoding=\"async\" width=\"1024\" height=\"682\" src=\"https:\/\/www.chiaradavoli.it\/wp-content\/uploads\/2022\/01\/notebook-diary-write-1939358-1024x682.jpg\" class=\"attachment-large size-large wp-image-518\" alt=\"notebook, diary, write-1939358.jpg\" srcset=\"https:\/\/www.chiaradavoli.it\/wp-content\/uploads\/2022\/01\/notebook-diary-write-1939358-1024x682.jpg 1024w, https:\/\/www.chiaradavoli.it\/wp-content\/uploads\/2022\/01\/notebook-diary-write-1939358-300x200.jpg 300w, https:\/\/www.chiaradavoli.it\/wp-content\/uploads\/2022\/01\/notebook-diary-write-1939358-768x512.jpg 768w, https:\/\/www.chiaradavoli.it\/wp-content\/uploads\/2022\/01\/notebook-diary-write-1939358.jpg 1280w\" sizes=\"(max-width: 1024px) 100vw, 1024px\" \/>\t\t\t\t\t\t\t\t\t\t\t\t\t\t\t<\/div>\n\t\t\t\t<\/div>\n\t\t\t\t\t<\/div>\n\t\t<\/div>\n\t\t\t\t<div class=\"elementor-column elementor-col-50 elementor-top-column elementor-element elementor-element-85d14e2\" data-id=\"85d14e2\" data-element_type=\"column\">\n\t\t\t<div class=\"elementor-widget-wrap elementor-element-populated\">\n\t\t\t\t\t\t<div class=\"elementor-element elementor-element-d7d8cb6 elementor-widget elementor-widget-heading\" data-id=\"d7d8cb6\" data-element_type=\"widget\" data-widget_type=\"heading.default\">\n\t\t\t\t<div class=\"elementor-widget-container\">\n\t\t\t\t\t<h2 class=\"elementor-heading-title elementor-size-default\">Supervisioni e formazione<\/h2>\t\t\t\t<\/div>\n\t\t\t\t<\/div>\n\t\t\t\t<div class=\"elementor-element elementor-element-3dec20d elementor-widget elementor-widget-text-editor\" data-id=\"3dec20d\" data-element_type=\"widget\" data-widget_type=\"text-editor.default\">\n\t\t\t\t<div class=\"elementor-widget-container\">\n\t\t\t\t\t\t\t\t\t<p>\u00c8 indispensabile per chi si occupa del benessere e della crescita altrui (insegnanti, educatori, medici, assistenti sociali, psicologi e tutti gli operatori delle relazioni d\u2019aiuto), prendersi cura anche del proprio benessere. Gli incontri di supervisione individuale o di gruppo permettono di condividere e rielaborare eventuali situazioni lavorative in cui ci si sente in difficolt\u00e0 e di avere uno spazio di riflessione e confronto, dove prendersi cura di s\u00e9 per poter svolgere efficacemente il proprio ruolo.<\/p><p>\u00a0<\/p>\t\t\t\t\t\t\t\t<\/div>\n\t\t\t\t<\/div>\n\t\t\t\t\t<\/div>\n\t\t<\/div>\n\t\t\t\t\t<\/div>\n\t\t<\/section>\n\t\t\t\t<section class=\"elementor-section elementor-top-section elementor-element elementor-element-11c9b5e elementor-section-content-middle elementor-section-boxed elementor-section-height-default elementor-section-height-default\" data-id=\"11c9b5e\" data-element_type=\"section\" data-settings=\"{&quot;background_background&quot;:&quot;classic&quot;}\">\n\t\t\t\t\t\t<div class=\"elementor-container elementor-column-gap-no\">\n\t\t\t\t\t<div class=\"elementor-column elementor-col-100 elementor-top-column elementor-element elementor-element-8712de8\" data-id=\"8712de8\" data-element_type=\"column\">\n\t\t\t<div class=\"elementor-widget-wrap elementor-element-populated\">\n\t\t\t\t\t\t<div class=\"elementor-element elementor-element-47e74d6 elementor-align-center elementor-widget elementor-widget-button\" data-id=\"47e74d6\" data-element_type=\"widget\" data-widget_type=\"button.default\">\n\t\t\t\t<div class=\"elementor-widget-container\">\n\t\t\t\t\t\t\t\t\t<div class=\"elementor-button-wrapper\">\n\t\t\t\t\t<a class=\"elementor-button elementor-button-link elementor-size-sm\" href=\"http:\/\/www.chiaradavoli.it\/?page_id=33\">\n\t\t\t\t\t\t<span class=\"elementor-button-content-wrapper\">\n\t\t\t\t\t\t\t\t\t<span class=\"elementor-button-text\">contattami<\/span>\n\t\t\t\t\t<\/span>\n\t\t\t\t\t<\/a>\n\t\t\t\t<\/div>\n\t\t\t\t\t\t\t\t<\/div>\n\t\t\t\t<\/div>\n\t\t\t\t\t<\/div>\n\t\t<\/div>\n\t\t\t\t\t<\/div>\n\t\t<\/section>\n\t\t\t\t<\/div>\n\t\t","protected":false},"excerpt":{"rendered":"<p>Di cosa mi occupo Consulenza e sostegno psicologico La consulenza psicologica \u00e8 un percorso che consiste in pochi incontri, con l\u2019obiettivo di aiutare la persona a comprendere meglio e definire la problematica che sta vivendo in quel momento. Nell\u2019arco della nostra vita possiamo attraversare momenti di difficolt\u00e0 o confusione, sia nei passaggi evolutivi (infanzia, adolescenza, [&hellip;]<\/p>\n","protected":false},"author":1,"featured_media":0,"parent":0,"menu_order":0,"comment_status":"closed","ping_status":"closed","template":"","meta":{"_monsterinsights_skip_tracking":false,"_monsterinsights_sitenote_active":false,"_monsterinsights_sitenote_note":"","_monsterinsights_sitenote_category":0,"site-sidebar-layout":"no-sidebar","site-content-layout":"page-builder","ast-site-content-layout":"default","site-content-style":"default","site-sidebar-style":"default","ast-global-header-display":"","ast-banner-title-visibility":"","ast-main-header-display":"","ast-hfb-above-header-display":"","ast-hfb-below-header-display":"","ast-hfb-mobile-header-display":"","site-post-title":"disabled","ast-breadcrumbs-content":"","ast-featured-img":"","footer-sml-layout":"","theme-transparent-header-meta":"enabled","adv-header-id-meta":"","stick-header-meta":"","header-above-stick-meta":"","header-main-stick-meta":"","header-below-stick-meta":"","astra-migrate-meta-layouts":"default","ast-page-background-enabled":"default","ast-page-background-meta":{"desktop":{"background-color":"","background-image":"","background-repeat":"repeat","background-position":"center center","background-size":"auto","background-attachment":"scroll","background-type":"","background-media":"","overlay-type":"","overlay-color":"","overlay-opacity":"","overlay-gradient":""},"tablet":{"background-color":"","background-image":"","background-repeat":"repeat","background-position":"center center","background-size":"auto","background-attachment":"scroll","background-type":"","background-media":"","overlay-type":"","overlay-color":"","overlay-opacity":"","overlay-gradient":""},"mobile":{"background-color":"","background-image":"","background-repeat":"repeat","background-position":"center center","background-size":"auto","background-attachment":"scroll","background-type":"","background-media":"","overlay-type":"","overlay-color":"","overlay-opacity":"","overlay-gradient":""}},"ast-content-background-meta":{"desktop":{"background-color":"var(--ast-global-color-5)","background-image":"","background-repeat":"repeat","background-position":"center center","background-size":"auto","background-attachment":"scroll","background-type":"","background-media":"","overlay-type":"","overlay-color":"","overlay-opacity":"","overlay-gradient":""},"tablet":{"background-color":"var(--ast-global-color-5)","background-image":"","background-repeat":"repeat","background-position":"center center","background-size":"auto","background-attachment":"scroll","background-type":"","background-media":"","overlay-type":"","overlay-color":"","overlay-opacity":"","overlay-gradient":""},"mobile":{"background-color":"var(--ast-global-color-5)","background-image":"","background-repeat":"repeat","background-position":"center center","background-size":"auto","background-attachment":"scroll","background-type":"","background-media":"","overlay-type":"","overlay-color":"","overlay-opacity":"","overlay-gradient":""}},"_themeisle_gutenberg_block_has_review":false,"footnotes":""},"class_list":["post-32","page","type-page","status-publish","hentry"],"_links":{"self":[{"href":"https:\/\/www.chiaradavoli.it\/index.php?rest_route=\/wp\/v2\/pages\/32","targetHints":{"allow":["GET"]}}],"collection":[{"href":"https:\/\/www.chiaradavoli.it\/index.php?rest_route=\/wp\/v2\/pages"}],"about":[{"href":"https:\/\/www.chiaradavoli.it\/index.php?rest_route=\/wp\/v2\/types\/page"}],"author":[{"embeddable":true,"href":"https:\/\/www.chiaradavoli.it\/index.php?rest_route=\/wp\/v2\/users\/1"}],"replies":[{"embeddable":true,"href":"https:\/\/www.chiaradavoli.it\/index.php?rest_route=%2Fwp%2Fv2%2Fcomments&post=32"}],"version-history":[{"count":75,"href":"https:\/\/www.chiaradavoli.it\/index.php?rest_route=\/wp\/v2\/pages\/32\/revisions"}],"predecessor-version":[{"id":620,"href":"https:\/\/www.chiaradavoli.it\/index.php?rest_route=\/wp\/v2\/pages\/32\/revisions\/620"}],"wp:attachment":[{"href":"https:\/\/www.chiaradavoli.it\/index.php?rest_route=%2Fwp%2Fv2%2Fmedia&parent=32"}],"curies":[{"name":"wp","href":"https:\/\/api.w.org\/{rel}","templated":true}]}}