{"id":465,"date":"2021-01-31T16:29:38","date_gmt":"2021-01-31T15:29:38","guid":{"rendered":"http:\/\/www.chiaradavoli.it\/?page_id=465"},"modified":"2021-01-31T16:43:24","modified_gmt":"2021-01-31T15:43:24","slug":"cookie-policy","status":"publish","type":"page","link":"https:\/\/www.chiaradavoli.it\/?page_id=465","title":{"rendered":"Cookie Policy"},"content":{"rendered":"\t\t<div data-elementor-type=\"wp-page\" data-elementor-id=\"465\" class=\"elementor elementor-465\">\n\t\t\t\t\t\t<section class=\"elementor-section elementor-top-section elementor-element elementor-element-fa33f8d elementor-section-boxed elementor-section-height-default elementor-section-height-default\" data-id=\"fa33f8d\" data-element_type=\"section\">\n\t\t\t\t\t\t<div class=\"elementor-container elementor-column-gap-default\">\n\t\t\t\t\t<div class=\"elementor-column elementor-col-100 elementor-top-column elementor-element elementor-element-2b84e6f9\" data-id=\"2b84e6f9\" data-element_type=\"column\">\n\t\t\t<div class=\"elementor-widget-wrap elementor-element-populated\">\n\t\t\t\t\t\t<div class=\"elementor-element elementor-element-aefb1e8 elementor-widget elementor-widget-text-editor\" data-id=\"aefb1e8\" data-element_type=\"widget\" data-widget_type=\"text-editor.default\">\n\t\t\t\t<div class=\"elementor-widget-container\">\n\t\t\t\t\t\t\t\t\t<div class=\"cli_pg_page_contaner\"><h3>Informativa generale sui cookie<\/h3><div>Il presente sito web utilizza cookie tecnici per garantire il corretto funzionamento delle procedure e migliorare l\u2019esperienza di uso delle applicazioni online. Il presente documento fornisce informazioni sull\u2019uso dei cookie e di tecnologie similari, su come sono utilizzati dal sito e su come gestirli.<\/div><div>\u00a0<\/div><h3>Cosa sono i cookies?<\/h3><div>I cookie sono piccoli file di testo che i siti visitati dagli utenti inviano ai loro terminali, ove vengono memorizzati per essere poi ritrasmessi agli stessi siti alla visita successiva. I cookie delle c.d. \u201cterze parti\u201d vengono, invece, impostati da un sito web diverso da quello che l\u2019utente sta visitando. Questo perch\u00e9 su ogni sito possono essere presenti elementi (immagini, mappe, suoni, specifici link a pagine web di altri domini, ecc.) che risiedono su server diversi da quello del sito visitato.<\/div><div>\u00a0<\/div><h3>Tipologie di cookie<\/h3><div>In base alle caratteristiche e all\u2019utilizzo dei cookie si possono distinguere diverse categorie:Cookie tecnici. I cookie tecnici sono quelli utilizzati al solo fine di \u201ceffettuare la trasmissione di una comunicazione su una rete di comunicazione elettronica, o nella misura strettamente necessaria al fornitore di un servizio della societ\u00e0 dell\u2019informazione esplicitamente richiesto dall\u2019abbonato o dall\u2019utente a erogare tale servizio\u201d (cfr. art. 122, comma 1, del Codice).Essi non vengono utilizzati per scopi ulteriori e sono normalmente installati direttamente dal titolare o gestore del sito web. Possono essere suddivisi in cookie di navigazione o di sessione, che garantiscono la normale navigazione e fruizione del sito web; cookie analytics, assimilati ai cookie tecnici laddove utilizzati direttamente dal gestore del sito per raccogliere informazioni, in forma aggregata, sul numero degli utenti e su come questi visitano il sito stesso; cookie di funzionalit\u00e0, che permettono all\u2019utente la navigazione in funzione di una serie di criteri selezionati al fine di migliorare il servizio reso allo stesso. Per l\u2019installazione di tali cookie non \u00e8 richiesto il preventivo consenso degli utenti, mentre resta fermo l\u2019obbligo di dare l\u2019informativa ai sensi dell\u2019art. 13 del Codice, che il gestore del sito, qualora utilizzi soltanto tali dispositivi, potr\u00e0 fornire con le modalit\u00e0 che ritiene pi\u00f9 idonee.Cookie di profilazione. I cookie di profilazione sono volti a creare profili relativi all\u2019utente e vengono utilizzati al fine di inviare messaggi pubblicitari in linea con le preferenze manifestate dallo stesso nell\u2019ambito della navigazione in rete. In ragione della particolare invasivit\u00e0 che tali dispositivi possono avere nell\u2019ambito della sfera privata degli utenti, la normativa europea e italiana prevede che l\u2019utente debba essere adeguatamente informato sull\u2019uso degli stessi ed esprimere cos\u00ec il proprio valido consenso. Ad essi si riferisce l\u2019art. 122 del Codice laddove prevede che \u201cl\u2019archiviazione delle informazioni nell\u2019apparecchio terminale di un contraente o di un utente o l\u2019accesso a informazioni gi\u00e0 archiviate sono consentiti unicamente a condizione che il contraente o l\u2019utente abbia espresso il proprio consenso dopo essere stato informato con le modalit\u00e0 semplificate di cui all\u2019articolo 13, comma 3\u201d (art. 122, comma 1, del Codice). Il presente sito non utilizza cookie di profilazione.<\/div><div>\u00a0<\/div><h3>Cookie di \u201cterze parti\u201d<\/h3><div>Visitando il presente sito web si potrebbero ricevere cookie da siti gestiti da altre organizzazioni (\u201cterze parti\u201d). Un esempio \u00e8 rappresentato dalla presenza dei \u201csocial plugin\u201d per Facebook, Twitter, Google+ o LinkedIn, oppure sistemi di visualizzazione di contenuti multimediali embedded (integrati) come ad esempio Youtube, Flikr. Si tratta di parti generate direttamente dai suddetti siti ed integrati nella pagina web del sito ospitante visitato. La presenza di questi plugin comporta la trasmissione di cookie da e verso tutti i siti gestiti da terze parti. La gestione delle informazioni raccolte da \u201cterze parti\u201d \u00e8 disciplinata dalle relative informative cui si prega di fare riferimento. Per garantire una maggiore trasparenza e comodit\u00e0, si riportano qui di seguito gli indirizzi web delle diverse informative e delle modalit\u00e0 per la gestione dei cookie.<\/div><div>\u00a0<\/div><div>Facebook informativa: https:\/\/www.facebook.com\/help\/cookies\/<\/div><div>Facebook (configurazione): accedere al proprio account. Sezione privacy.<\/div><div>Twitter informative: https:\/\/support.twitter.com\/articles\/20170514<\/div><div>Twitter (configurazione): https:\/\/twitter.com\/settings\/security<\/div><div>Linkedin informativa: https:\/\/www.linkedin.com\/legal\/cookie-policy<\/div><div>Linkedin (configurazione): https:\/\/www.linkedin.com\/settings\/<\/div><div>Youtube informativa: http:\/\/www.google.it\/intl\/it\/policies\/technologies\/cookies\/<\/div><div>Youtube (configurazione): http:\/\/www.google.it\/intl\/it\/policies\/technologies\/managing\/<\/div><div>Pinterest informativaconfigurazione https:\/\/about.pinterest.com\/it\/privacy-policy<\/div><div>Yahoo informativa http:\/\/info.yahoo.com\/privacy\/it\/yahoo\/cookies\/details.html<\/div><div>Yahoo (configurazione) http:\/\/info.yahoo.com\/privacy\/it\/yahoo\/opt_out\/targeting\/details.html<\/div><div>\u00a0<\/div><div>[cookie_audit columns=&#8221;cookie,description&#8221; heading=&#8221;Questi i cookie del sito.&#8221;]<\/div><div>\u00a0<\/div><h3>Cookie analytics<\/h3><div>WebTrendsAl solo fine di monitorare e migliorare le prestazioni del sito ci si avvale di un prodotto di mercato di analisi statistica per la rilevazione degli accessi al sito. Esso pu\u00f2 ricorrere all\u2019utilizzo di cookies, permanenti e non, allo scopo di raccogliere informazioni statistiche e sui \u201cvisitatori unici\u201d del sito. I cookies, definiti come \u201cUnique Visitor Cookies\u201d, contengono un codice alfanumerico che identifica i computer di navigazione, senza tuttavia alcuna raccolta di dati personali.Google AnalyticsIl sito include anche componenti trasmesse da Google Analytics, un servizio di analisi del traffico web fornito da Google, Inc. (\u201cGoogle\u201d). Tali cookie sono usati al solo fine di monitorare e migliorare le prestazioni del sito. Per ulteriori informazioni, si rinvia al link di seguito indicato:https:\/\/www.google.it\/policies\/privacy\/partners\/<\/div><div>L\u2019utente pu\u00f2 disabilitare in modo selettivo l\u2019azione di Google Analytics installando sul proprio browser la componente di opt-out fornito da Google. Per disabilitare l\u2019azione di Google Analytics, si rinvia al link di seguito indicato:https:\/\/tools.google.com\/dlpage\/gaoptout<\/div><div>\u00a0<\/div><h3>Durata dei cookie<\/h3><div>I cookie hanno una durata dettata dalla data di scadenza (o da un\u2019azione specifica come la chiusura del browser) impostata al momento dell\u2019installazione. I cookie possono essere:temporanei o di sessione (session cookie): sono utilizzati per archiviare informazioni temporanee, consentono di collegare le azioni eseguite durante una sessione specifica e vengono rimossi dal computer alla chiusura del browser;permanenti (persistent cookie): sono utilizzati per archiviare informazioni, ad esempio il nome e la password di accesso, in modo da evitare che l\u2019utente debba digitarli nuovamente ogni volta che visita un sito specifico. Questi rimangono memorizzati nel computer anche dopo aver chiuso il browser.I c.d. cookies di sessione, una volta terminata la connessione al presente sito web, non vengono conservati. I sistemi informatici utilizzati per il presente sito utilizzano sia cookie temporanei sia cookie permanenti.<\/div><div>\u00a0<\/div><h3>Gestione dei cookie<\/h3><div>\u2019utente pu\u00f2 decidere se accettare o meno i cookie utilizzando le impostazioni del proprio browser.Attenzione: con la disabilitazione totale o parziale dei cookie tecnici potrebbe compromettere l\u2019utilizzo ottimale del sito.La disabilitazione dei cookie \u201cterze parti\u201d non pregiudica in alcun modo la navigabilit\u00e0.L\u2019impostazione pu\u00f2 essere definita in modo specifico per i diversi siti e applicazioni web. Inoltre i browser consentono di definire impostazioni diverse per i cookie \u201cproprietari\u201d e per quelli di \u201cterze parti\u201d. A titolo di esempio, in Firefox, attraverso il menu Strumenti-&gt;Opzioni-&gt;Privacy, \u00e8 possibile accedere ad un pannello di controllo dove \u00e8 possibile definire se accettare o meno i diversi tipi di cookie e procedere alla loro rimozione. In internet \u00e8 facilmente reperibile la documentazione su come impostare le regole di gestione dei cookies per il proprio browser, a titolo di esempio si riportano alcuni indirizzi relativi ai principali browser:<\/div><div>Chrome Per maggiori informazioni <a href=\"https:\/\/support.google.com\/accounts\/answer\/61416?hl=en\" target=\"_blank\" rel=\"noopener\">visita la pagina dedicata<\/a>.<\/div><div>Mozilla Firefox Per maggiori informazioni <a href=\"https:\/\/support.mozilla.org\/en-US\/kb\/enhanced-tracking-protection-firefox-desktop?redirectslug=enable-and-disable-cookies-website-preferences&amp;redirectlocale=en-US\" target=\"_blank\" rel=\"noopener\">visita la pagina dedicata<\/a>.<\/div><div>Internet Explorer Per maggiori informazioni <a href=\"https:\/\/support.microsoft.com\/it-it\/topic\/eliminare-e-gestire-i-cookie-168dab11-0753-043d-7c16-ede5947fc64d\" target=\"_blank\" rel=\"noopener\">visita la pagina dedicata<\/a>.<\/div><div>Microsoft Edge Per maggiori informazioni <a href=\"https:\/\/support.microsoft.com\/it-it\/windows\/microsoft-edge-dati-delle-esplorazioni-e-privacy-bb8174ba-9d73-dcf2-9b4a-c582b4e640dd\" target=\"_blank\" rel=\"noopener\">visita la pagina dedicata<\/a>.<\/div><div>Safari Per maggiori informazioni <a href=\"https:\/\/support.apple.com\/it-it\/guide\/safari\/sfri11471\/mac\" target=\"_blank\" rel=\"noopener\">visita la pagina dedicata<\/a>.<\/div><div>Safari iOS (dispositivi mobile) Per maggiori informazioni <a href=\"https:\/\/support.apple.com\/en-us\/HT201265\" target=\"_blank\" rel=\"noopener\">visita la pagina dedicata<\/a>.<\/div><div>Opera Per maggiori informazioni <a href=\"https:\/\/help.opera.com\/en\/latest\/web-preferences\/\" target=\"_blank\" rel=\"noopener\">visita la pagina dedicata<\/a>.<\/div><div>\u00a0<\/div><h3>Accettazione e rinuncia dei cookie<\/h3><div>Proseguendo nella navigazione su questo sito, chiudendo la fascetta informativa o facendo click in una qualsiasi parte della pagina o scorrendola per evidenziare ulteriore contenuto, si accetta la Cookie Policy e verranno impostati e raccolti i cookie. In caso di mancata accettazione dei cookie mediante abbandono della navigazione, eventuali cookie gi\u00e0 registrati localmente nel Suo browser rimarranno ivi registrati ma non saranno pi\u00f9 letti n\u00e9 utilizzati da noi fino ad una successiva ed eventuale accettazione della Policy. Lei avr\u00e0 sempre la possibilit\u00e0 di rimuovere tali cookie in qualsiasi momento attraverso le modalit\u00e0 citate.<\/div><\/div>\t\t\t\t\t\t\t\t<\/div>\n\t\t\t\t<\/div>\n\t\t\t\t\t<\/div>\n\t\t<\/div>\n\t\t\t\t\t<\/div>\n\t\t<\/section>\n\t\t\t\t<\/div>\n\t\t","protected":false},"excerpt":{"rendered":"<p>Informativa generale sui cookie Il presente sito web utilizza cookie tecnici per garantire il corretto funzionamento delle procedure e migliorare l\u2019esperienza di uso delle applicazioni online. Il presente documento fornisce informazioni sull\u2019uso dei cookie e di tecnologie similari, su come sono utilizzati dal sito e su come gestirli.\u00a0 Cosa sono i cookies? I cookie sono [&hellip;]<\/p>\n","protected":false},"author":1,"featured_media":0,"parent":0,"menu_order":0,"comment_status":"closed","ping_status":"closed","template":"","meta":{"_monsterinsights_skip_tracking":false,"_monsterinsights_sitenote_active":false,"_monsterinsights_sitenote_note":"","_monsterinsights_sitenote_category":0,"site-sidebar-layout":"default","site-content-layout":"","ast-site-content-layout":"default","site-content-style":"default","site-sidebar-style":"default","ast-global-header-display":"","ast-banner-title-visibility":"","ast-main-header-display":"","ast-hfb-above-header-display":"","ast-hfb-below-header-display":"","ast-hfb-mobile-header-display":"","site-post-title":"","ast-breadcrumbs-content":"","ast-featured-img":"","footer-sml-layout":"","theme-transparent-header-meta":"","adv-header-id-meta":"","stick-header-meta":"","header-above-stick-meta":"","header-main-stick-meta":"","header-below-stick-meta":"","astra-migrate-meta-layouts":"default","ast-page-background-enabled":"default","ast-page-background-meta":{"desktop":{"background-color":"","background-image":"","background-repeat":"repeat","background-position":"center center","background-size":"auto","background-attachment":"scroll","background-type":"","background-media":"","overlay-type":"","overlay-color":"","overlay-opacity":"","overlay-gradient":""},"tablet":{"background-color":"","background-image":"","background-repeat":"repeat","background-position":"center center","background-size":"auto","background-attachment":"scroll","background-type":"","background-media":"","overlay-type":"","overlay-color":"","overlay-opacity":"","overlay-gradient":""},"mobile":{"background-color":"","background-image":"","background-repeat":"repeat","background-position":"center center","background-size":"auto","background-attachment":"scroll","background-type":"","background-media":"","overlay-type":"","overlay-color":"","overlay-opacity":"","overlay-gradient":""}},"ast-content-background-meta":{"desktop":{"background-color":"var(--ast-global-color-5)","background-image":"","background-repeat":"repeat","background-position":"center center","background-size":"auto","background-attachment":"scroll","background-type":"","background-media":"","overlay-type":"","overlay-color":"","overlay-opacity":"","overlay-gradient":""},"tablet":{"background-color":"var(--ast-global-color-5)","background-image":"","background-repeat":"repeat","background-position":"center center","background-size":"auto","background-attachment":"scroll","background-type":"","background-media":"","overlay-type":"","overlay-color":"","overlay-opacity":"","overlay-gradient":""},"mobile":{"background-color":"var(--ast-global-color-5)","background-image":"","background-repeat":"repeat","background-position":"center center","background-size":"auto","background-attachment":"scroll","background-type":"","background-media":"","overlay-type":"","overlay-color":"","overlay-opacity":"","overlay-gradient":""}},"_themeisle_gutenberg_block_has_review":false,"footnotes":""},"class_list":["post-465","page","type-page","status-publish","hentry"],"_links":{"self":[{"href":"https:\/\/www.chiaradavoli.it\/index.php?rest_route=\/wp\/v2\/pages\/465","targetHints":{"allow":["GET"]}}],"collection":[{"href":"https:\/\/www.chiaradavoli.it\/index.php?rest_route=\/wp\/v2\/pages"}],"about":[{"href":"https:\/\/www.chiaradavoli.it\/index.php?rest_route=\/wp\/v2\/types\/page"}],"author":[{"embeddable":true,"href":"https:\/\/www.chiaradavoli.it\/index.php?rest_route=\/wp\/v2\/users\/1"}],"replies":[{"embeddable":true,"href":"https:\/\/www.chiaradavoli.it\/index.php?rest_route=%2Fwp%2Fv2%2Fcomments&post=465"}],"version-history":[{"count":15,"href":"https:\/\/www.chiaradavoli.it\/index.php?rest_route=\/wp\/v2\/pages\/465\/revisions"}],"predecessor-version":[{"id":481,"href":"https:\/\/www.chiaradavoli.it\/index.php?rest_route=\/wp\/v2\/pages\/465\/revisions\/481"}],"wp:attachment":[{"href":"https:\/\/www.chiaradavoli.it\/index.php?rest_route=%2Fwp%2Fv2%2Fmedia&parent=465"}],"curies":[{"name":"wp","href":"https:\/\/api.w.org\/{rel}","templated":true}]}}